{"id":2050,"date":"2021-04-26T09:02:03","date_gmt":"2021-04-26T09:02:03","guid":{"rendered":"https:\/\/swissbo.com\/our-solutions\/"},"modified":"2021-06-21T09:16:02","modified_gmt":"2021-06-21T09:16:02","slug":"unsere-loesungen","status":"publish","type":"page","link":"https:\/\/swissbo.com\/de\/unsere-loesungen\/","title":{"rendered":"Unsere L\u00f6sungen"},"content":{"rendered":"\t\t<div data-elementor-type=\"wp-page\" data-elementor-id=\"2050\" class=\"elementor elementor-2050 elementor-50\">\n\t\t\t\t\t\t\t\t\t<section class=\"elementor-section elementor-top-section elementor-element elementor-element-d9baeaa elementor-section-full_width elementor-section-height-default elementor-section-height-default\" data-id=\"d9baeaa\" data-element_type=\"section\">\n\t\t\t\t\t\t<div class=\"elementor-container elementor-column-gap-no\">\n\t\t\t\t\t<div class=\"elementor-column elementor-col-100 elementor-top-column elementor-element elementor-element-3a4d43c\" data-id=\"3a4d43c\" data-element_type=\"column\">\n\t\t\t<div class=\"elementor-widget-wrap elementor-element-populated\">\n\t\t\t\t\t\t\t\t<div class=\"elementor-element elementor-element-4e87c2d elementor-widget elementor-widget-image\" data-id=\"4e87c2d\" data-element_type=\"widget\" data-widget_type=\"image.default\">\n\t\t\t\t<div class=\"elementor-widget-container\">\n\t\t\t\t\t\t\t\t\t\t\t\t\t\t\t<img loading=\"lazy\" decoding=\"async\" width=\"990\" height=\"548\" src=\"https:\/\/swissbo.com\/wp-content\/uploads\/2021\/06\/SWISSBO_Unsere_Loesungen_990px_web-1.jpg\" class=\"attachment-full size-full\" alt=\"\" srcset=\"https:\/\/swissbo.com\/wp-content\/uploads\/2021\/06\/SWISSBO_Unsere_Loesungen_990px_web-1.jpg 990w, https:\/\/swissbo.com\/wp-content\/uploads\/2021\/06\/SWISSBO_Unsere_Loesungen_990px_web-1-300x166.jpg 300w, https:\/\/swissbo.com\/wp-content\/uploads\/2021\/06\/SWISSBO_Unsere_Loesungen_990px_web-1-768x425.jpg 768w\" sizes=\"auto, (max-width: 990px) 100vw, 990px\" \/>\t\t\t\t\t\t\t\t\t\t\t\t\t\t\t<\/div>\n\t\t\t\t<\/div>\n\t\t\t\t\t<\/div>\n\t\t<\/div>\n\t\t\t\t\t\t\t<\/div>\n\t\t<\/section>\n\t\t\t\t<section class=\"elementor-section elementor-top-section elementor-element elementor-element-52037ce elementor-section-boxed elementor-section-height-default elementor-section-height-default\" data-id=\"52037ce\" data-element_type=\"section\">\n\t\t\t\t\t\t<div class=\"elementor-container elementor-column-gap-no\">\n\t\t\t\t\t<div class=\"elementor-column elementor-col-66 elementor-top-column elementor-element elementor-element-2df433f\" data-id=\"2df433f\" data-element_type=\"column\">\n\t\t\t<div class=\"elementor-widget-wrap elementor-element-populated\">\n\t\t\t\t\t\t\t\t<div class=\"elementor-element elementor-element-78785de elementor-widget elementor-widget-menu-anchor\" data-id=\"78785de\" data-element_type=\"widget\" data-widget_type=\"menu-anchor.default\">\n\t\t\t\t<div class=\"elementor-widget-container\">\n\t\t\t\t\t<div id=\"kanadischermarkt\" class=\"elementor-menu-anchor\"><\/div>\n\t\t\t\t<\/div>\n\t\t\t\t<\/div>\n\t\t\t\t<div class=\"elementor-element elementor-element-9bb6ee3 elementor-widget elementor-widget-heading\" data-id=\"9bb6ee3\" data-element_type=\"widget\" data-widget_type=\"heading.default\">\n\t\t\t\t<div class=\"elementor-widget-container\">\n\t\t\t<h2 class=\"elementor-heading-title elementor-size-default\">EINF\u00dcHRUNG IN DEN KANADISCHEN MARKT<\/h2>\t\t<\/div>\n\t\t\t\t<\/div>\n\t\t\t\t<div class=\"elementor-element elementor-element-155dd33 elementor-widget elementor-widget-image\" data-id=\"155dd33\" data-element_type=\"widget\" data-widget_type=\"image.default\">\n\t\t\t\t<div class=\"elementor-widget-container\">\n\t\t\t\t\t\t\t\t\t\t\t\t\t\t\t<img loading=\"lazy\" decoding=\"async\" width=\"1134\" height=\"1055\" src=\"https:\/\/swissbo.com\/wp-content\/uploads\/2021\/04\/SWISSBO-Our-Channels-of-Distribution-1.jpg\" class=\"attachment-full size-full\" alt=\"\" srcset=\"https:\/\/swissbo.com\/wp-content\/uploads\/2021\/04\/SWISSBO-Our-Channels-of-Distribution-1.jpg 1134w, https:\/\/swissbo.com\/wp-content\/uploads\/2021\/04\/SWISSBO-Our-Channels-of-Distribution-1-300x279.jpg 300w, https:\/\/swissbo.com\/wp-content\/uploads\/2021\/04\/SWISSBO-Our-Channels-of-Distribution-1-1024x953.jpg 1024w, https:\/\/swissbo.com\/wp-content\/uploads\/2021\/04\/SWISSBO-Our-Channels-of-Distribution-1-768x714.jpg 768w\" sizes=\"auto, (max-width: 1134px) 100vw, 1134px\" \/>\t\t\t\t\t\t\t\t\t\t\t\t\t\t\t<\/div>\n\t\t\t\t<\/div>\n\t\t\t\t<div class=\"elementor-element elementor-element-b183c96 elementor-widget elementor-widget-heading\" data-id=\"b183c96\" data-element_type=\"widget\" data-widget_type=\"heading.default\">\n\t\t\t\t<div class=\"elementor-widget-container\">\n\t\t\t<h3 class=\"elementor-heading-title elementor-size-default\">UNSERE VERTRIEBSKAN\u00c4LE<\/h3>\t\t<\/div>\n\t\t\t\t<\/div>\n\t\t\t\t<div class=\"elementor-element elementor-element-e12c576 elementor-widget elementor-widget-heading\" data-id=\"e12c576\" data-element_type=\"widget\" data-widget_type=\"heading.default\">\n\t\t\t\t<div class=\"elementor-widget-container\">\n\t\t\t<h3 class=\"elementor-heading-title elementor-size-default\">EINZELHANDEL<\/h3>\t\t<\/div>\n\t\t\t\t<\/div>\n\t\t\t\t<div class=\"elementor-element elementor-element-773cf01 elementor-widget elementor-widget-text-editor\" data-id=\"773cf01\" data-element_type=\"widget\" data-widget_type=\"text-editor.default\">\n\t\t\t\t<div class=\"elementor-widget-container\">\n\t\t\t\t\t\t\t<ul><li>Mode-Accessoires<\/li><li>Lifestyle \/ Design<\/li><li>Kinder und\u00a0 Jugendliche<\/li><li>Outdoor \/ Sport<\/li><li>Museums- \/ Galerie-Geschenkl\u00e4den<\/li><li>Brillen- \/ Optometrie-Gesch\u00e4fte<\/li><\/ul>\t\t\t\t\t\t<\/div>\n\t\t\t\t<\/div>\n\t\t\t\t<div class=\"elementor-element elementor-element-06bf199 elementor-widget elementor-widget-heading\" data-id=\"06bf199\" data-element_type=\"widget\" data-widget_type=\"heading.default\">\n\t\t\t\t<div class=\"elementor-widget-container\">\n\t\t\t<h3 class=\"elementor-heading-title elementor-size-default\">REGIONALE \/ NATIONALE KETTEN<\/h3>\t\t<\/div>\n\t\t\t\t<\/div>\n\t\t\t\t<div class=\"elementor-element elementor-element-f6ab142 elementor-widget elementor-widget-text-editor\" data-id=\"f6ab142\" data-element_type=\"widget\" data-widget_type=\"text-editor.default\">\n\t\t\t\t<div class=\"elementor-widget-container\">\n\t\t\t\t\t\t\t<ul><li>Harry Rosen<\/li><li>Holt Renfrew<\/li><li>Hudson\u2019s Bay<\/li><li>Simon\u2019s<\/li><\/ul>\t\t\t\t\t\t<\/div>\n\t\t\t\t<\/div>\n\t\t\t\t<div class=\"elementor-element elementor-element-22b31c8 elementor-widget elementor-widget-heading\" data-id=\"22b31c8\" data-element_type=\"widget\" data-widget_type=\"heading.default\">\n\t\t\t\t<div class=\"elementor-widget-container\">\n\t\t\t<h3 class=\"elementor-heading-title elementor-size-default\">ONLINEH\u00c4NDLER<\/h3>\t\t<\/div>\n\t\t\t\t<\/div>\n\t\t\t\t<div class=\"elementor-element elementor-element-8fa116c elementor-widget elementor-widget-text-editor\" data-id=\"8fa116c\" data-element_type=\"widget\" data-widget_type=\"text-editor.default\">\n\t\t\t\t<div class=\"elementor-widget-container\">\n\t\t\t\t\t\t\t<ul><li>Sorgf\u00e4ltig ausgew\u00e4hlte Webshops mit durchdachter Strategie<\/li><li>Einzelh\u00e4ndler, welche L\u00e4den und Webshops betreiben<\/li><\/ul>\t\t\t\t\t\t<\/div>\n\t\t\t\t<\/div>\n\t\t\t\t<div class=\"elementor-element elementor-element-6619a01 elementor-widget elementor-widget-heading\" data-id=\"6619a01\" data-element_type=\"widget\" data-widget_type=\"heading.default\">\n\t\t\t\t<div class=\"elementor-widget-container\">\n\t\t\t<h3 class=\"elementor-heading-title elementor-size-default\">\"BUSINESS TO BUSINESS\"<\/h3>\t\t<\/div>\n\t\t\t\t<\/div>\n\t\t\t\t<div class=\"elementor-element elementor-element-747f264 elementor-widget elementor-widget-text-editor\" data-id=\"747f264\" data-element_type=\"widget\" data-widget_type=\"text-editor.default\">\n\t\t\t\t<div class=\"elementor-widget-container\">\n\t\t\t\t\t\t\t<ul><li>Ausgew\u00e4hlte B2B-Partner im Bereich Premium- und Treueprogramm<\/li><\/ul>\t\t\t\t\t\t<\/div>\n\t\t\t\t<\/div>\n\t\t\t\t<div class=\"elementor-element elementor-element-8d01dbc elementor-widget elementor-widget-menu-anchor\" data-id=\"8d01dbc\" data-element_type=\"widget\" data-widget_type=\"menu-anchor.default\">\n\t\t\t\t<div class=\"elementor-widget-container\">\n\t\t\t\t\t<div id=\"geschaeftsaufbau\" class=\"elementor-menu-anchor\"><\/div>\n\t\t\t\t<\/div>\n\t\t\t\t<\/div>\n\t\t\t\t<div class=\"elementor-element elementor-element-88e8839 elementor-widget elementor-widget-heading\" data-id=\"88e8839\" data-element_type=\"widget\" data-widget_type=\"heading.default\">\n\t\t\t\t<div class=\"elementor-widget-container\">\n\t\t\t<h2 class=\"elementor-heading-title elementor-size-default\">Gesch\u00e4ftsaufbau<\/h2>\t\t<\/div>\n\t\t\t\t<\/div>\n\t\t\t\t<div class=\"elementor-element elementor-element-52c9379 elementor-widget elementor-widget-heading\" data-id=\"52c9379\" data-element_type=\"widget\" data-widget_type=\"heading.default\">\n\t\t\t\t<div class=\"elementor-widget-container\">\n\t\t\t<h3 class=\"elementor-heading-title elementor-size-default\">COACHING \/ CONSULTING \/ MENTORING<\/h3>\t\t<\/div>\n\t\t\t\t<\/div>\n\t\t\t\t<div class=\"elementor-element elementor-element-2755b1e elementor-widget elementor-widget-text-editor\" data-id=\"2755b1e\" data-element_type=\"widget\" data-widget_type=\"text-editor.default\">\n\t\t\t\t<div class=\"elementor-widget-container\">\n\t\t\t\t\t\t\t<p>Unser Team wird Sie bei jedem Schritt in Ihre Selbstst\u00e4ndigkeit begleiten und mit Ihnen unterst\u00fctzend zusammenarbeiten. Wir stellen Ihnen Systeme und Anleitungen zur Verf\u00fcgung, damit Sie Ihre Ziele erreichen k\u00f6nnen. Als Mitunternehmer freuen wir uns darauf, diese Reise mit Ihnen in Angriff zu nehmen!<\/p>\t\t\t\t\t\t<\/div>\n\t\t\t\t<\/div>\n\t\t\t\t<div class=\"elementor-element elementor-element-2388233 elementor-widget elementor-widget-image\" data-id=\"2388233\" data-element_type=\"widget\" data-widget_type=\"image.default\">\n\t\t\t\t<div class=\"elementor-widget-container\">\n\t\t\t\t\t\t\t\t\t\t\t\t\t\t\t<img loading=\"lazy\" decoding=\"async\" width=\"650\" height=\"433\" src=\"https:\/\/swissbo.com\/wp-content\/uploads\/2021\/04\/swissbo_coaching_650px_web.jpg\" class=\"attachment-full size-full\" alt=\"\" srcset=\"https:\/\/swissbo.com\/wp-content\/uploads\/2021\/04\/swissbo_coaching_650px_web.jpg 650w, https:\/\/swissbo.com\/wp-content\/uploads\/2021\/04\/swissbo_coaching_650px_web-300x200.jpg 300w\" sizes=\"auto, (max-width: 650px) 100vw, 650px\" \/>\t\t\t\t\t\t\t\t\t\t\t\t\t\t\t<\/div>\n\t\t\t\t<\/div>\n\t\t\t\t<div class=\"elementor-element elementor-element-e0ad2b7 elementor-widget elementor-widget-heading\" data-id=\"e0ad2b7\" data-element_type=\"widget\" data-widget_type=\"heading.default\">\n\t\t\t\t<div class=\"elementor-widget-container\">\n\t\t\t<h3 class=\"elementor-heading-title elementor-size-default\">\"ANGEL FUNDING\"<\/h3>\t\t<\/div>\n\t\t\t\t<\/div>\n\t\t\t\t<div class=\"elementor-element elementor-element-f50b53e elementor-widget elementor-widget-text-editor\" data-id=\"f50b53e\" data-element_type=\"widget\" data-widget_type=\"text-editor.default\">\n\t\t\t\t<div class=\"elementor-widget-container\">\n\t\t\t\t\t\t\t<p>Haben Sie eine grossartige Idee; haben Sie einen Designentwurf, einen Protoypen, oder schon ein fertiges Produkt und brauchen Hilfe? Mit unseren Ressourcen und unserer Leidenschaft f\u00fcr Unternehmertum m\u00f6chten wir Ihre Ideen in Schwung bringen und Ihnen helfen, Ihre Tr\u00e4ume zu verwirklichen.<\/p>\t\t\t\t\t\t<\/div>\n\t\t\t\t<\/div>\n\t\t\t\t<div class=\"elementor-element elementor-element-eb7a10a elementor-widget elementor-widget-image\" data-id=\"eb7a10a\" data-element_type=\"widget\" data-widget_type=\"image.default\">\n\t\t\t\t<div class=\"elementor-widget-container\">\n\t\t\t\t\t\t\t\t\t\t\t\t\t\t\t<img loading=\"lazy\" decoding=\"async\" width=\"650\" height=\"343\" src=\"https:\/\/swissbo.com\/wp-content\/uploads\/2021\/04\/swissbo_angelfunding_650px_web.jpg\" class=\"attachment-full size-full\" alt=\"\" srcset=\"https:\/\/swissbo.com\/wp-content\/uploads\/2021\/04\/swissbo_angelfunding_650px_web.jpg 650w, https:\/\/swissbo.com\/wp-content\/uploads\/2021\/04\/swissbo_angelfunding_650px_web-300x158.jpg 300w\" sizes=\"auto, (max-width: 650px) 100vw, 650px\" \/>\t\t\t\t\t\t\t\t\t\t\t\t\t\t\t<\/div>\n\t\t\t\t<\/div>\n\t\t\t\t<div class=\"elementor-element elementor-element-37f90a0 elementor-widget elementor-widget-heading\" data-id=\"37f90a0\" data-element_type=\"widget\" data-widget_type=\"heading.default\">\n\t\t\t\t<div class=\"elementor-widget-container\">\n\t\t\t<h3 class=\"elementor-heading-title elementor-size-default\">GR\u00dcNDUNG \/ LANCIERUNG (START-UPS)<\/h3>\t\t<\/div>\n\t\t\t\t<\/div>\n\t\t\t\t<div class=\"elementor-element elementor-element-09d15a2 elementor-widget elementor-widget-text-editor\" data-id=\"09d15a2\" data-element_type=\"widget\" data-widget_type=\"text-editor.default\">\n\t\t\t\t<div class=\"elementor-widget-container\">\n\t\t\t\t\t\t\t<p>Braut sich bei Ihnen etwas zusammen? Wir sind hier, um Ihnen jede Unterst\u00fctzung zu bieten, die Sie ben\u00f6tigen, um loszulegen!<\/p>\t\t\t\t\t\t<\/div>\n\t\t\t\t<\/div>\n\t\t\t\t<div class=\"elementor-element elementor-element-016004d elementor-widget elementor-widget-image\" data-id=\"016004d\" data-element_type=\"widget\" data-widget_type=\"image.default\">\n\t\t\t\t<div class=\"elementor-widget-container\">\n\t\t\t\t\t\t\t\t\t\t\t\t\t\t\t<img loading=\"lazy\" decoding=\"async\" width=\"650\" height=\"374\" src=\"https:\/\/swissbo.com\/wp-content\/uploads\/2021\/04\/swissbo_startup_650px_web.jpg\" class=\"attachment-full size-full\" alt=\"\" srcset=\"https:\/\/swissbo.com\/wp-content\/uploads\/2021\/04\/swissbo_startup_650px_web.jpg 650w, https:\/\/swissbo.com\/wp-content\/uploads\/2021\/04\/swissbo_startup_650px_web-300x173.jpg 300w\" sizes=\"auto, (max-width: 650px) 100vw, 650px\" \/>\t\t\t\t\t\t\t\t\t\t\t\t\t\t\t<\/div>\n\t\t\t\t<\/div>\n\t\t\t\t\t<\/div>\n\t\t<\/div>\n\t\t\t\t<div class=\"elementor-column elementor-col-33 elementor-top-column elementor-element elementor-element-ba6ecb8\" data-id=\"ba6ecb8\" data-element_type=\"column\">\n\t\t\t<div class=\"elementor-widget-wrap\">\n\t\t\t\t\t\t\t\t\t<\/div>\n\t\t<\/div>\n\t\t\t\t\t\t\t<\/div>\n\t\t<\/section>\n\t\t\t\t\t\t\t<\/div>\n\t\t","protected":false},"excerpt":{"rendered":"<p>EINF\u00dcHRUNG IN DEN KANADISCHEN MARKT UNSERE VERTRIEBSKAN\u00c4LE EINZELHANDEL Mode-Accessoires Lifestyle \/ Design Kinder und\u00a0 Jugendliche Outdoor \/ Sport Museums- \/ Galerie-Geschenkl\u00e4den Brillen- \/ Optometrie-Gesch\u00e4fte REGIONALE \/ NATIONALE KETTEN Harry Rosen Holt Renfrew Hudson\u2019s Bay Simon\u2019s ONLINEH\u00c4NDLER Sorgf\u00e4ltig ausgew\u00e4hlte Webshops mit durchdachter Strategie Einzelh\u00e4ndler, welche L\u00e4den und Webshops betreiben &#8222;BUSINESS TO BUSINESS&#8220; Ausgew\u00e4hlte B2B-Partner im Bereich &hellip;<\/p>\n<p class=\"read-more\"> <a class=\"\" href=\"https:\/\/swissbo.com\/de\/unsere-loesungen\/\"> <span class=\"screen-reader-text\">Unsere L\u00f6sungen<\/span> Weiterlesen &raquo;<\/a><\/p>\n","protected":false},"author":1,"featured_media":0,"parent":0,"menu_order":0,"comment_status":"closed","ping_status":"closed","template":"elementor_theme","meta":{"_acf_changed":false,"footnotes":""},"class_list":["post-2050","page","type-page","status-publish","hentry"],"acf":[],"_links":{"self":[{"href":"https:\/\/swissbo.com\/de\/wp-json\/wp\/v2\/pages\/2050","targetHints":{"allow":["GET"]}}],"collection":[{"href":"https:\/\/swissbo.com\/de\/wp-json\/wp\/v2\/pages"}],"about":[{"href":"https:\/\/swissbo.com\/de\/wp-json\/wp\/v2\/types\/page"}],"author":[{"embeddable":true,"href":"https:\/\/swissbo.com\/de\/wp-json\/wp\/v2\/users\/1"}],"replies":[{"embeddable":true,"href":"https:\/\/swissbo.com\/de\/wp-json\/wp\/v2\/comments?post=2050"}],"version-history":[{"count":93,"href":"https:\/\/swissbo.com\/de\/wp-json\/wp\/v2\/pages\/2050\/revisions"}],"predecessor-version":[{"id":3280,"href":"https:\/\/swissbo.com\/de\/wp-json\/wp\/v2\/pages\/2050\/revisions\/3280"}],"wp:attachment":[{"href":"https:\/\/swissbo.com\/de\/wp-json\/wp\/v2\/media?parent=2050"}],"curies":[{"name":"wp","href":"https:\/\/api.w.org\/{rel}","templated":true}]}}