{"id":2482,"date":"2021-04-26T09:02:03","date_gmt":"2021-04-26T09:02:03","guid":{"rendered":"https:\/\/swissbo.com\/unsere-loesungen\/"},"modified":"2021-07-12T06:52:09","modified_gmt":"2021-07-12T06:52:09","slug":"nos-solutions","status":"publish","type":"page","link":"https:\/\/swissbo.com\/fr\/nos-solutions\/","title":{"rendered":"NOS SOLUTIONS"},"content":{"rendered":"\t\t<div data-elementor-type=\"wp-page\" data-elementor-id=\"2482\" class=\"elementor elementor-2482 elementor-50\">\n\t\t\t\t\t\t\t\t\t<section class=\"elementor-section elementor-top-section elementor-element elementor-element-d9baeaa elementor-section-full_width elementor-section-height-default elementor-section-height-default\" data-id=\"d9baeaa\" data-element_type=\"section\">\n\t\t\t\t\t\t<div class=\"elementor-container elementor-column-gap-no\">\n\t\t\t\t\t<div class=\"elementor-column elementor-col-100 elementor-top-column elementor-element elementor-element-3a4d43c\" data-id=\"3a4d43c\" data-element_type=\"column\">\n\t\t\t<div class=\"elementor-widget-wrap elementor-element-populated\">\n\t\t\t\t\t\t\t\t<div class=\"elementor-element elementor-element-4e87c2d elementor-widget elementor-widget-image\" data-id=\"4e87c2d\" data-element_type=\"widget\" data-widget_type=\"image.default\">\n\t\t\t\t<div class=\"elementor-widget-container\">\n\t\t\t\t\t\t\t\t\t\t\t\t\t\t\t<img loading=\"lazy\" decoding=\"async\" width=\"990\" height=\"548\" src=\"https:\/\/swissbo.com\/wp-content\/uploads\/2021\/07\/SWISSBO_Nos_solutions_990px_web.jpg\" class=\"attachment-full size-full\" alt=\"\" srcset=\"https:\/\/swissbo.com\/wp-content\/uploads\/2021\/07\/SWISSBO_Nos_solutions_990px_web.jpg 990w, https:\/\/swissbo.com\/wp-content\/uploads\/2021\/07\/SWISSBO_Nos_solutions_990px_web-300x166.jpg 300w, https:\/\/swissbo.com\/wp-content\/uploads\/2021\/07\/SWISSBO_Nos_solutions_990px_web-768x425.jpg 768w\" sizes=\"auto, (max-width: 990px) 100vw, 990px\" \/>\t\t\t\t\t\t\t\t\t\t\t\t\t\t\t<\/div>\n\t\t\t\t<\/div>\n\t\t\t\t\t<\/div>\n\t\t<\/div>\n\t\t\t\t\t\t\t<\/div>\n\t\t<\/section>\n\t\t\t\t<section class=\"elementor-section elementor-top-section elementor-element elementor-element-52037ce elementor-section-boxed elementor-section-height-default elementor-section-height-default\" data-id=\"52037ce\" data-element_type=\"section\">\n\t\t\t\t\t\t<div class=\"elementor-container elementor-column-gap-no\">\n\t\t\t\t\t<div class=\"elementor-column elementor-col-66 elementor-top-column elementor-element elementor-element-2df433f\" data-id=\"2df433f\" data-element_type=\"column\">\n\t\t\t<div class=\"elementor-widget-wrap elementor-element-populated\">\n\t\t\t\t\t\t\t\t<div class=\"elementor-element elementor-element-78785de elementor-widget elementor-widget-menu-anchor\" data-id=\"78785de\" data-element_type=\"widget\" data-widget_type=\"menu-anchor.default\">\n\t\t\t\t<div class=\"elementor-widget-container\">\n\t\t\t\t\t<div id=\"marchecanadien\" class=\"elementor-menu-anchor\"><\/div>\n\t\t\t\t<\/div>\n\t\t\t\t<\/div>\n\t\t\t\t<div class=\"elementor-element elementor-element-9bb6ee3 elementor-widget elementor-widget-heading\" data-id=\"9bb6ee3\" data-element_type=\"widget\" data-widget_type=\"heading.default\">\n\t\t\t\t<div class=\"elementor-widget-container\">\n\t\t\t<h2 class=\"elementor-heading-title elementor-size-default\">INTRODUCTION AU MARCH\u00c9 CANADIEN<\/h2>\t\t<\/div>\n\t\t\t\t<\/div>\n\t\t\t\t<div class=\"elementor-element elementor-element-155dd33 elementor-widget elementor-widget-image\" data-id=\"155dd33\" data-element_type=\"widget\" data-widget_type=\"image.default\">\n\t\t\t\t<div class=\"elementor-widget-container\">\n\t\t\t\t\t\t\t\t\t\t\t\t\t\t\t<img loading=\"lazy\" decoding=\"async\" width=\"1134\" height=\"1055\" src=\"https:\/\/swissbo.com\/wp-content\/uploads\/2021\/04\/SWISSBO-Our-Channels-of-Distribution-1.jpg\" class=\"attachment-full size-full\" alt=\"\" srcset=\"https:\/\/swissbo.com\/wp-content\/uploads\/2021\/04\/SWISSBO-Our-Channels-of-Distribution-1.jpg 1134w, https:\/\/swissbo.com\/wp-content\/uploads\/2021\/04\/SWISSBO-Our-Channels-of-Distribution-1-300x279.jpg 300w, https:\/\/swissbo.com\/wp-content\/uploads\/2021\/04\/SWISSBO-Our-Channels-of-Distribution-1-1024x953.jpg 1024w, https:\/\/swissbo.com\/wp-content\/uploads\/2021\/04\/SWISSBO-Our-Channels-of-Distribution-1-768x714.jpg 768w\" sizes=\"auto, (max-width: 1134px) 100vw, 1134px\" \/>\t\t\t\t\t\t\t\t\t\t\t\t\t\t\t<\/div>\n\t\t\t\t<\/div>\n\t\t\t\t<div class=\"elementor-element elementor-element-b183c96 elementor-widget elementor-widget-heading\" data-id=\"b183c96\" data-element_type=\"widget\" data-widget_type=\"heading.default\">\n\t\t\t\t<div class=\"elementor-widget-container\">\n\t\t\t<h3 class=\"elementor-heading-title elementor-size-default\">NOS R\u00c9SEAUX DE DISTRIBUTION<\/h3>\t\t<\/div>\n\t\t\t\t<\/div>\n\t\t\t\t<div class=\"elementor-element elementor-element-e12c576 elementor-widget elementor-widget-heading\" data-id=\"e12c576\" data-element_type=\"widget\" data-widget_type=\"heading.default\">\n\t\t\t\t<div class=\"elementor-widget-container\">\n\t\t\t<h3 class=\"elementor-heading-title elementor-size-default\">D\u00c9TAILLANT <\/h3>\t\t<\/div>\n\t\t\t\t<\/div>\n\t\t\t\t<div class=\"elementor-element elementor-element-773cf01 elementor-widget elementor-widget-text-editor\" data-id=\"773cf01\" data-element_type=\"widget\" data-widget_type=\"text-editor.default\">\n\t\t\t\t<div class=\"elementor-widget-container\">\n\t\t\t\t\t\t\t<ul><li>Accessoires de mode<\/li><li>Style de vie \/ Design<\/li><li>Enfants et adolescents<\/li><li>Outdoor \/ Sport<\/li><li>Magasins de souvenirs de mus\u00e9es et de galeries<\/li><li>Magasins de lunettes \/ d&rsquo;optom\u00e9trie<\/li><\/ul>\t\t\t\t\t\t<\/div>\n\t\t\t\t<\/div>\n\t\t\t\t<div class=\"elementor-element elementor-element-06bf199 elementor-widget elementor-widget-heading\" data-id=\"06bf199\" data-element_type=\"widget\" data-widget_type=\"heading.default\">\n\t\t\t\t<div class=\"elementor-widget-container\">\n\t\t\t<h3 class=\"elementor-heading-title elementor-size-default\">CHA\u00ceNES R\u00c9GIONALES \/ NATIONALES<\/h3>\t\t<\/div>\n\t\t\t\t<\/div>\n\t\t\t\t<div class=\"elementor-element elementor-element-f6ab142 elementor-widget elementor-widget-text-editor\" data-id=\"f6ab142\" data-element_type=\"widget\" data-widget_type=\"text-editor.default\">\n\t\t\t\t<div class=\"elementor-widget-container\">\n\t\t\t\t\t\t\t<ul><li>Harry Rosen<\/li><li>Holt Renfrew<\/li><li>Hudson\u2019s Bay<\/li><li>Simon\u2019s<\/li><\/ul>\t\t\t\t\t\t<\/div>\n\t\t\t\t<\/div>\n\t\t\t\t<div class=\"elementor-element elementor-element-22b31c8 elementor-widget elementor-widget-heading\" data-id=\"22b31c8\" data-element_type=\"widget\" data-widget_type=\"heading.default\">\n\t\t\t\t<div class=\"elementor-widget-container\">\n\t\t\t<h3 class=\"elementor-heading-title elementor-size-default\">VENDEURS EN LIGNE<\/h3>\t\t<\/div>\n\t\t\t\t<\/div>\n\t\t\t\t<div class=\"elementor-element elementor-element-8fa116c elementor-widget elementor-widget-text-editor\" data-id=\"8fa116c\" data-element_type=\"widget\" data-widget_type=\"text-editor.default\">\n\t\t\t\t<div class=\"elementor-widget-container\">\n\t\t\t\t\t\t\t<ul><li>S\u00e9lection minutieuse de boutiques en ligne avec une strat\u00e9gie bien d\u00e9finie<\/li><li>Les d\u00e9taillants qui g\u00e8rent des magasins et des boutiques en ligne<\/li><\/ul>\t\t\t\t\t\t<\/div>\n\t\t\t\t<\/div>\n\t\t\t\t<div class=\"elementor-element elementor-element-6619a01 elementor-widget elementor-widget-heading\" data-id=\"6619a01\" data-element_type=\"widget\" data-widget_type=\"heading.default\">\n\t\t\t\t<div class=\"elementor-widget-container\">\n\t\t\t<h3 class=\"elementor-heading-title elementor-size-default\">\"BUSINESS TO BUSINESS\"<\/h3>\t\t<\/div>\n\t\t\t\t<\/div>\n\t\t\t\t<div class=\"elementor-element elementor-element-747f264 elementor-widget elementor-widget-text-editor\" data-id=\"747f264\" data-element_type=\"widget\" data-widget_type=\"text-editor.default\">\n\t\t\t\t<div class=\"elementor-widget-container\">\n\t\t\t\t\t\t\t<ul><li>Partenaires B2B s\u00e9lectionn\u00e9s dans le domaine des programmes de primes et de fid\u00e9lit\u00e9<\/li><\/ul>\t\t\t\t\t\t<\/div>\n\t\t\t\t<\/div>\n\t\t\t\t<div class=\"elementor-element elementor-element-8d01dbc elementor-widget elementor-widget-menu-anchor\" data-id=\"8d01dbc\" data-element_type=\"widget\" data-widget_type=\"menu-anchor.default\">\n\t\t\t\t<div class=\"elementor-widget-container\">\n\t\t\t\t\t<div id=\"developpementcommercial\" class=\"elementor-menu-anchor\"><\/div>\n\t\t\t\t<\/div>\n\t\t\t\t<\/div>\n\t\t\t\t<div class=\"elementor-element elementor-element-88e8839 elementor-widget elementor-widget-heading\" data-id=\"88e8839\" data-element_type=\"widget\" data-widget_type=\"heading.default\">\n\t\t\t\t<div class=\"elementor-widget-container\">\n\t\t\t<h2 class=\"elementor-heading-title elementor-size-default\">D\u00c9VELOPPEMENT COMMERCIAL<\/h2>\t\t<\/div>\n\t\t\t\t<\/div>\n\t\t\t\t<div class=\"elementor-element elementor-element-52c9379 elementor-widget elementor-widget-heading\" data-id=\"52c9379\" data-element_type=\"widget\" data-widget_type=\"heading.default\">\n\t\t\t\t<div class=\"elementor-widget-container\">\n\t\t\t<h3 class=\"elementor-heading-title elementor-size-default\">COACHING \/ CONSEIL \/ MENTORING<\/h3>\t\t<\/div>\n\t\t\t\t<\/div>\n\t\t\t\t<div class=\"elementor-element elementor-element-2755b1e elementor-widget elementor-widget-text-editor\" data-id=\"2755b1e\" data-element_type=\"widget\" data-widget_type=\"text-editor.default\">\n\t\t\t\t<div class=\"elementor-widget-container\">\n\t\t\t\t\t\t\t<p>Notre \u00e9quipe vous guidera et vous soutiendra tout au long de votre parcours vers l&rsquo;ind\u00e9pendance. Nous vous fournirons des syst\u00e8mes et des conseils pour vous aider \u00e0 atteindre vos objectifs. En tant que coll\u00e8gues entrepreneurs, nous sommes impatients de nous lancer dans cette aventure avec vous!<\/p>\t\t\t\t\t\t<\/div>\n\t\t\t\t<\/div>\n\t\t\t\t<div class=\"elementor-element elementor-element-2388233 elementor-widget elementor-widget-image\" data-id=\"2388233\" data-element_type=\"widget\" data-widget_type=\"image.default\">\n\t\t\t\t<div class=\"elementor-widget-container\">\n\t\t\t\t\t\t\t\t\t\t\t\t\t\t\t<img loading=\"lazy\" decoding=\"async\" width=\"650\" height=\"433\" src=\"https:\/\/swissbo.com\/wp-content\/uploads\/2021\/04\/swissbo_coaching_650px_web.jpg\" class=\"attachment-full size-full\" alt=\"\" srcset=\"https:\/\/swissbo.com\/wp-content\/uploads\/2021\/04\/swissbo_coaching_650px_web.jpg 650w, https:\/\/swissbo.com\/wp-content\/uploads\/2021\/04\/swissbo_coaching_650px_web-300x200.jpg 300w\" sizes=\"auto, (max-width: 650px) 100vw, 650px\" \/>\t\t\t\t\t\t\t\t\t\t\t\t\t\t\t<\/div>\n\t\t\t\t<\/div>\n\t\t\t\t<div class=\"elementor-element elementor-element-e0ad2b7 elementor-widget elementor-widget-heading\" data-id=\"e0ad2b7\" data-element_type=\"widget\" data-widget_type=\"heading.default\">\n\t\t\t\t<div class=\"elementor-widget-container\">\n\t\t\t<h3 class=\"elementor-heading-title elementor-size-default\">FINANCEMENT<\/h3>\t\t<\/div>\n\t\t\t\t<\/div>\n\t\t\t\t<div class=\"elementor-element elementor-element-f50b53e elementor-widget elementor-widget-text-editor\" data-id=\"f50b53e\" data-element_type=\"widget\" data-widget_type=\"text-editor.default\">\n\t\t\t\t<div class=\"elementor-widget-container\">\n\t\t\t\t\t\t\t<p>Vous avez une id\u00e9e g\u00e9niale; vous avez une \u00e9bauche de conception, un prototype ou d\u00e9j\u00e0 un produit fini et vous avez besoin d&rsquo;aide? Gr\u00e2ce \u00e0 nos ressources et \u00e0 notre passion pour l&rsquo;entrepreneuriat, nous voulons faire d\u00e9coller vos id\u00e9es et vous aider \u00e0 transformer vos r\u00eaves en r\u00e9alit\u00e9.<\/p>\t\t\t\t\t\t<\/div>\n\t\t\t\t<\/div>\n\t\t\t\t<div class=\"elementor-element elementor-element-eb7a10a elementor-widget elementor-widget-image\" data-id=\"eb7a10a\" data-element_type=\"widget\" data-widget_type=\"image.default\">\n\t\t\t\t<div class=\"elementor-widget-container\">\n\t\t\t\t\t\t\t\t\t\t\t\t\t\t\t<img loading=\"lazy\" decoding=\"async\" width=\"650\" height=\"343\" src=\"https:\/\/swissbo.com\/wp-content\/uploads\/2021\/04\/swissbo_angelfunding_650px_web.jpg\" class=\"attachment-full size-full\" alt=\"\" srcset=\"https:\/\/swissbo.com\/wp-content\/uploads\/2021\/04\/swissbo_angelfunding_650px_web.jpg 650w, https:\/\/swissbo.com\/wp-content\/uploads\/2021\/04\/swissbo_angelfunding_650px_web-300x158.jpg 300w\" sizes=\"auto, (max-width: 650px) 100vw, 650px\" \/>\t\t\t\t\t\t\t\t\t\t\t\t\t\t\t<\/div>\n\t\t\t\t<\/div>\n\t\t\t\t<div class=\"elementor-element elementor-element-37f90a0 elementor-widget elementor-widget-heading\" data-id=\"37f90a0\" data-element_type=\"widget\" data-widget_type=\"heading.default\">\n\t\t\t\t<div class=\"elementor-widget-container\">\n\t\t\t<h3 class=\"elementor-heading-title elementor-size-default\">FONDATION  \/ LANCEMENT (START-UPS)<\/h3>\t\t<\/div>\n\t\t\t\t<\/div>\n\t\t\t\t<div class=\"elementor-element elementor-element-09d15a2 elementor-widget elementor-widget-text-editor\" data-id=\"09d15a2\" data-element_type=\"widget\" data-widget_type=\"text-editor.default\">\n\t\t\t\t<div class=\"elementor-widget-container\">\n\t\t\t\t\t\t\t<p>Vous avez des id\u00e9es? Nous sommes l\u00e0 pour vous fournir tout le soutien dont vous avez besoin pour vous lancer!<\/p>\t\t\t\t\t\t<\/div>\n\t\t\t\t<\/div>\n\t\t\t\t<div class=\"elementor-element elementor-element-016004d elementor-widget elementor-widget-image\" data-id=\"016004d\" data-element_type=\"widget\" data-widget_type=\"image.default\">\n\t\t\t\t<div class=\"elementor-widget-container\">\n\t\t\t\t\t\t\t\t\t\t\t\t\t\t\t<img loading=\"lazy\" decoding=\"async\" width=\"650\" height=\"374\" src=\"https:\/\/swissbo.com\/wp-content\/uploads\/2021\/04\/swissbo_startup_650px_web.jpg\" class=\"attachment-full size-full\" alt=\"\" srcset=\"https:\/\/swissbo.com\/wp-content\/uploads\/2021\/04\/swissbo_startup_650px_web.jpg 650w, https:\/\/swissbo.com\/wp-content\/uploads\/2021\/04\/swissbo_startup_650px_web-300x173.jpg 300w\" sizes=\"auto, (max-width: 650px) 100vw, 650px\" \/>\t\t\t\t\t\t\t\t\t\t\t\t\t\t\t<\/div>\n\t\t\t\t<\/div>\n\t\t\t\t\t<\/div>\n\t\t<\/div>\n\t\t\t\t<div class=\"elementor-column elementor-col-33 elementor-top-column elementor-element elementor-element-ba6ecb8\" data-id=\"ba6ecb8\" data-element_type=\"column\">\n\t\t\t<div class=\"elementor-widget-wrap\">\n\t\t\t\t\t\t\t\t\t<\/div>\n\t\t<\/div>\n\t\t\t\t\t\t\t<\/div>\n\t\t<\/section>\n\t\t\t\t\t\t\t<\/div>\n\t\t","protected":false},"excerpt":{"rendered":"<p>INTRODUCTION AU MARCH\u00c9 CANADIEN NOS R\u00c9SEAUX DE DISTRIBUTION D\u00c9TAILLANT Accessoires de mode Style de vie \/ Design Enfants et adolescents Outdoor \/ Sport Magasins de souvenirs de mus\u00e9es et de galeries Magasins de lunettes \/ d&rsquo;optom\u00e9trie CHA\u00ceNES R\u00c9GIONALES \/ NATIONALES Harry Rosen Holt Renfrew Hudson\u2019s Bay Simon\u2019s VENDEURS EN LIGNE S\u00e9lection minutieuse de boutiques en &hellip;<\/p>\n<p class=\"read-more\"> <a class=\"\" href=\"https:\/\/swissbo.com\/fr\/nos-solutions\/\"> <span class=\"screen-reader-text\">NOS SOLUTIONS<\/span> Lire la suite\u00a0\u00bb<\/a><\/p>\n","protected":false},"author":1,"featured_media":0,"parent":0,"menu_order":0,"comment_status":"closed","ping_status":"closed","template":"elementor_theme","meta":{"_acf_changed":false,"footnotes":""},"class_list":["post-2482","page","type-page","status-publish","hentry"],"acf":[],"_links":{"self":[{"href":"https:\/\/swissbo.com\/fr\/wp-json\/wp\/v2\/pages\/2482","targetHints":{"allow":["GET"]}}],"collection":[{"href":"https:\/\/swissbo.com\/fr\/wp-json\/wp\/v2\/pages"}],"about":[{"href":"https:\/\/swissbo.com\/fr\/wp-json\/wp\/v2\/types\/page"}],"author":[{"embeddable":true,"href":"https:\/\/swissbo.com\/fr\/wp-json\/wp\/v2\/users\/1"}],"replies":[{"embeddable":true,"href":"https:\/\/swissbo.com\/fr\/wp-json\/wp\/v2\/comments?post=2482"}],"version-history":[{"count":50,"href":"https:\/\/swissbo.com\/fr\/wp-json\/wp\/v2\/pages\/2482\/revisions"}],"predecessor-version":[{"id":2998,"href":"https:\/\/swissbo.com\/fr\/wp-json\/wp\/v2\/pages\/2482\/revisions\/2998"}],"wp:attachment":[{"href":"https:\/\/swissbo.com\/fr\/wp-json\/wp\/v2\/media?parent=2482"}],"curies":[{"name":"wp","href":"https:\/\/api.w.org\/{rel}","templated":true}]}}